{"id":566,"date":"2019-01-19T18:17:11","date_gmt":"2019-01-19T15:17:11","guid":{"rendered":"http:\/\/nakliyen.com\/?page_id=566"},"modified":"2021-04-06T18:51:55","modified_gmt":"2021-04-06T18:51:55","slug":"parsiyel-toplama-lojistik-paletli-yuk-toplama-nakliyat-nakliye","status":"publish","type":"page","link":"https:\/\/mlmnakliyat.com\/?page_id=566","title":{"rendered":"Parsiyel Toplama"},"content":{"rendered":"\n<p class=\"has-text-align-center\"><strong>Uluslararas\u0131 Lojistik Firmalar\u0131n\u0131n \u0130stanbul Avrupa ve Anadolu Yakas\u0131ndaki G\u00fcnl\u00fck Haftal\u0131k Parsiyel Y\u00fck Toplamalar\u0131n\u0131 Ger\u00e7ekle\u015ftiriyoruz<\/strong><\/p>\n\n\n\n<div class=\"wp-block-image\"><figure class=\"aligncenter size-large\"><img loading=\"lazy\" decoding=\"async\" width=\"720\" height=\"960\" src=\"http:\/\/mlmnakliyat.com\/wp-content\/uploads\/2021\/04\/23032754_184382.jpg\" alt=\"\" class=\"wp-image-954\" srcset=\"https:\/\/mlmnakliyat.com\/wp-content\/uploads\/2021\/04\/23032754_184382.jpg 720w, https:\/\/mlmnakliyat.com\/wp-content\/uploads\/2021\/04\/23032754_184382-225x300.jpg 225w\" sizes=\"auto, (max-width: 720px) 100vw, 720px\" \/><\/figure><\/div>\n","protected":false},"excerpt":{"rendered":"<p>Uluslararas\u0131 Lojistik Firmalar\u0131n\u0131n \u0130stanbul Avrupa ve Anadolu Yakas\u0131ndaki G\u00fcnl\u00fck Haftal\u0131k Parsiyel Y\u00fck Toplamalar\u0131n\u0131 Ger\u00e7ekle\u015ftiriyoruz<\/p>\n","protected":false},"author":1,"featured_media":0,"parent":528,"menu_order":3,"comment_status":"closed","ping_status":"closed","template":"page-templates\/homepage.php","meta":{"_joinchat":[],"footnotes":""},"class_list":["post-566","page","type-page","status-publish","hentry"],"_links":{"self":[{"href":"https:\/\/mlmnakliyat.com\/index.php?rest_route=\/wp\/v2\/pages\/566","targetHints":{"allow":["GET"]}}],"collection":[{"href":"https:\/\/mlmnakliyat.com\/index.php?rest_route=\/wp\/v2\/pages"}],"about":[{"href":"https:\/\/mlmnakliyat.com\/index.php?rest_route=\/wp\/v2\/types\/page"}],"author":[{"embeddable":true,"href":"https:\/\/mlmnakliyat.com\/index.php?rest_route=\/wp\/v2\/users\/1"}],"replies":[{"embeddable":true,"href":"https:\/\/mlmnakliyat.com\/index.php?rest_route=%2Fwp%2Fv2%2Fcomments&post=566"}],"version-history":[{"count":3,"href":"https:\/\/mlmnakliyat.com\/index.php?rest_route=\/wp\/v2\/pages\/566\/revisions"}],"predecessor-version":[{"id":970,"href":"https:\/\/mlmnakliyat.com\/index.php?rest_route=\/wp\/v2\/pages\/566\/revisions\/970"}],"up":[{"embeddable":true,"href":"https:\/\/mlmnakliyat.com\/index.php?rest_route=\/wp\/v2\/pages\/528"}],"wp:attachment":[{"href":"https:\/\/mlmnakliyat.com\/index.php?rest_route=%2Fwp%2Fv2%2Fmedia&parent=566"}],"curies":[{"name":"wp","href":"https:\/\/api.w.org\/{rel}","templated":true}]}}