{"id":552,"date":"2019-01-19T14:39:34","date_gmt":"2019-01-19T11:39:34","guid":{"rendered":"http:\/\/nakliyen.com\/?page_id=552"},"modified":"2021-04-06T18:52:16","modified_gmt":"2021-04-06T18:52:16","slug":"market-magaza-zincirleri-carrefoursa-tekzen-teslimatlari-nakliyat-nakliye-yuk","status":"publish","type":"page","link":"https:\/\/mlmnakliyat.com\/?page_id=552","title":{"rendered":"Market Ma\u011faza Zincirleri"},"content":{"rendered":"\n<p class=\"has-text-align-center\"><strong>Carrefoursa Tekzen gibi b\u00fcy\u00fck zincirlerin ma\u011faza teslimatlar\u0131 T\u00fcrkiye geneli da\u011f\u0131t\u0131m\u0131n\u0131 yap\u0131yoruz.<\/strong><\/p>\n\n\n\n<div class=\"wp-block-image\"><figure class=\"aligncenter size-large\"><img loading=\"lazy\" decoding=\"async\" width=\"960\" height=\"540\" src=\"http:\/\/mlmnakliyat.com\/wp-content\/uploads\/2021\/04\/41.jpg\" alt=\"\" class=\"wp-image-961\" srcset=\"https:\/\/mlmnakliyat.com\/wp-content\/uploads\/2021\/04\/41.jpg 960w, https:\/\/mlmnakliyat.com\/wp-content\/uploads\/2021\/04\/41-300x169.jpg 300w, https:\/\/mlmnakliyat.com\/wp-content\/uploads\/2021\/04\/41-768x432.jpg 768w\" sizes=\"auto, (max-width: 960px) 100vw, 960px\" \/><\/figure><\/div>\n","protected":false},"excerpt":{"rendered":"<p>Carrefoursa Tekzen gibi b\u00fcy\u00fck zincirlerin ma\u011faza teslimatlar\u0131 T\u00fcrkiye geneli da\u011f\u0131t\u0131m\u0131n\u0131 yap\u0131yoruz.<\/p>\n","protected":false},"author":1,"featured_media":0,"parent":528,"menu_order":5,"comment_status":"closed","ping_status":"closed","template":"page-templates\/homepage.php","meta":{"_joinchat":[],"footnotes":""},"class_list":["post-552","page","type-page","status-publish","hentry"],"_links":{"self":[{"href":"https:\/\/mlmnakliyat.com\/index.php?rest_route=\/wp\/v2\/pages\/552","targetHints":{"allow":["GET"]}}],"collection":[{"href":"https:\/\/mlmnakliyat.com\/index.php?rest_route=\/wp\/v2\/pages"}],"about":[{"href":"https:\/\/mlmnakliyat.com\/index.php?rest_route=\/wp\/v2\/types\/page"}],"author":[{"embeddable":true,"href":"https:\/\/mlmnakliyat.com\/index.php?rest_route=\/wp\/v2\/users\/1"}],"replies":[{"embeddable":true,"href":"https:\/\/mlmnakliyat.com\/index.php?rest_route=%2Fwp%2Fv2%2Fcomments&post=552"}],"version-history":[{"count":3,"href":"https:\/\/mlmnakliyat.com\/index.php?rest_route=\/wp\/v2\/pages\/552\/revisions"}],"predecessor-version":[{"id":972,"href":"https:\/\/mlmnakliyat.com\/index.php?rest_route=\/wp\/v2\/pages\/552\/revisions\/972"}],"up":[{"embeddable":true,"href":"https:\/\/mlmnakliyat.com\/index.php?rest_route=\/wp\/v2\/pages\/528"}],"wp:attachment":[{"href":"https:\/\/mlmnakliyat.com\/index.php?rest_route=%2Fwp%2Fv2%2Fmedia&parent=552"}],"curies":[{"name":"wp","href":"https:\/\/api.w.org\/{rel}","templated":true}]}}