{"id":528,"date":"2019-01-19T13:50:46","date_gmt":"2019-01-19T10:50:46","guid":{"rendered":"http:\/\/nakliyen.com\/?page_id=528"},"modified":"2021-04-06T18:51:35","modified_gmt":"2021-04-06T18:51:35","slug":"hizmetlerimiz","status":"publish","type":"page","link":"https:\/\/mlmnakliyat.com\/?page_id=528","title":{"rendered":"Hizmetlerimiz"},"content":{"rendered":"\n<p class=\"has-text-align-center\"><a href=\"http:\/\/fuar-tasima-nakliye-cnr-tuyap-fuaye-nakliyat\"><strong>Fuar Ta\u015f\u0131mac\u0131l\u0131\u011f\u0131<\/strong><\/a><\/p>\n\n\n\n<div class=\"wp-block-image\"><figure class=\"aligncenter size-large\"><img loading=\"lazy\" decoding=\"async\" width=\"1024\" height=\"768\" src=\"http:\/\/mlmnakliyat.com\/wp-content\/uploads\/2017\/12\/17632215_1742451402733711_7047963498376483417_o-1-1024x768.jpg\" alt=\"\" class=\"wp-image-54\" srcset=\"https:\/\/mlmnakliyat.com\/wp-content\/uploads\/2017\/12\/17632215_1742451402733711_7047963498376483417_o-1-1024x768.jpg 1024w, https:\/\/mlmnakliyat.com\/wp-content\/uploads\/2017\/12\/17632215_1742451402733711_7047963498376483417_o-1-300x225.jpg 300w, https:\/\/mlmnakliyat.com\/wp-content\/uploads\/2017\/12\/17632215_1742451402733711_7047963498376483417_o-1-768x576.jpg 768w, https:\/\/mlmnakliyat.com\/wp-content\/uploads\/2017\/12\/17632215_1742451402733711_7047963498376483417_o-1.jpg 1080w\" sizes=\"auto, (max-width: 1024px) 100vw, 1024px\" \/><\/figure><\/div>\n\n\n\n<p class=\"has-text-align-center\"><a href=\"http:\/\/parsiyel-toplama-lojistik-paletli-yuk-toplama-nakliyat-nakliye\">Parsiyel Toplama (lojistik)<\/a><\/p>\n\n\n\n<div class=\"wp-block-image\"><figure class=\"aligncenter size-large\"><img loading=\"lazy\" decoding=\"async\" width=\"960\" height=\"960\" src=\"http:\/\/mlmnakliyat.com\/wp-content\/uploads\/2021\/04\/icecek.jpg\" alt=\"\" class=\"wp-image-949\" srcset=\"https:\/\/mlmnakliyat.com\/wp-content\/uploads\/2021\/04\/icecek.jpg 960w, https:\/\/mlmnakliyat.com\/wp-content\/uploads\/2021\/04\/icecek-300x300.jpg 300w, https:\/\/mlmnakliyat.com\/wp-content\/uploads\/2021\/04\/icecek-150x150.jpg 150w, https:\/\/mlmnakliyat.com\/wp-content\/uploads\/2021\/04\/icecek-768x768.jpg 768w\" sizes=\"auto, (max-width: 960px) 100vw, 960px\" \/><\/figure><\/div>\n\n\n\n<p class=\"has-text-align-center\"><a href=\"http:\/\/tekstil-kumas-tasimaciligi-lcw-koton-defacto-mudo-teslimatlari-nakliyat-nakliye\"><strong>Tekstil Ta\u015f\u0131mac\u0131l\u0131\u011f\u0131<\/strong><\/a><\/p>\n\n\n\n<div class=\"wp-block-image\"><figure class=\"aligncenter size-large\"><img loading=\"lazy\" decoding=\"async\" width=\"960\" height=\"720\" src=\"http:\/\/mlmnakliyat.com\/wp-content\/uploads\/2021\/04\/13533327_1610858405893012_2727232026408903210_n.jpg\" alt=\"\" class=\"wp-image-948\" srcset=\"https:\/\/mlmnakliyat.com\/wp-content\/uploads\/2021\/04\/13533327_1610858405893012_2727232026408903210_n.jpg 960w, https:\/\/mlmnakliyat.com\/wp-content\/uploads\/2021\/04\/13533327_1610858405893012_2727232026408903210_n-300x225.jpg 300w, https:\/\/mlmnakliyat.com\/wp-content\/uploads\/2021\/04\/13533327_1610858405893012_2727232026408903210_n-768x576.jpg 768w\" sizes=\"auto, (max-width: 960px) 100vw, 960px\" \/><\/figure><\/div>\n\n\n\n<p class=\"has-text-align-center\"><a href=\"http:\/\/market-magaza-zincirleri-carrefoursa-tekzen-teslimatlari-nakliyat-nakliye-y\u00fck\"><strong>Market Ma\u011faza Zinciri Teslimatlar\u0131<\/strong><\/a><\/p>\n\n\n\n<div class=\"wp-block-image\"><figure class=\"aligncenter size-large\"><img loading=\"lazy\" decoding=\"async\" width=\"960\" height=\"540\" src=\"http:\/\/mlmnakliyat.com\/wp-content\/uploads\/2017\/12\/41.jpg\" alt=\"\" class=\"wp-image-32\" srcset=\"https:\/\/mlmnakliyat.com\/wp-content\/uploads\/2017\/12\/41.jpg 960w, https:\/\/mlmnakliyat.com\/wp-content\/uploads\/2017\/12\/41-300x169.jpg 300w, https:\/\/mlmnakliyat.com\/wp-content\/uploads\/2017\/12\/41-768x432.jpg 768w\" sizes=\"auto, (max-width: 960px) 100vw, 960px\" \/><\/figure><\/div>\n","protected":false},"excerpt":{"rendered":"<p>Fuar Ta\u015f\u0131mac\u0131l\u0131\u011f\u0131 Parsiyel Toplama (lojistik) Tekstil Ta\u015f\u0131mac\u0131l\u0131\u011f\u0131 Market Ma\u011faza Zinciri Teslimatlar\u0131<\/p>\n","protected":false},"author":1,"featured_media":0,"parent":0,"menu_order":0,"comment_status":"closed","ping_status":"closed","template":"page-templates\/homepage.php","meta":{"_joinchat":[],"footnotes":""},"class_list":["post-528","page","type-page","status-publish","hentry"],"_links":{"self":[{"href":"https:\/\/mlmnakliyat.com\/index.php?rest_route=\/wp\/v2\/pages\/528","targetHints":{"allow":["GET"]}}],"collection":[{"href":"https:\/\/mlmnakliyat.com\/index.php?rest_route=\/wp\/v2\/pages"}],"about":[{"href":"https:\/\/mlmnakliyat.com\/index.php?rest_route=\/wp\/v2\/types\/page"}],"author":[{"embeddable":true,"href":"https:\/\/mlmnakliyat.com\/index.php?rest_route=\/wp\/v2\/users\/1"}],"replies":[{"embeddable":true,"href":"https:\/\/mlmnakliyat.com\/index.php?rest_route=%2Fwp%2Fv2%2Fcomments&post=528"}],"version-history":[{"count":4,"href":"https:\/\/mlmnakliyat.com\/index.php?rest_route=\/wp\/v2\/pages\/528\/revisions"}],"predecessor-version":[{"id":968,"href":"https:\/\/mlmnakliyat.com\/index.php?rest_route=\/wp\/v2\/pages\/528\/revisions\/968"}],"wp:attachment":[{"href":"https:\/\/mlmnakliyat.com\/index.php?rest_route=%2Fwp%2Fv2%2Fmedia&parent=528"}],"curies":[{"name":"wp","href":"https:\/\/api.w.org\/{rel}","templated":true}]}}